{"id":1039,"date":"2021-12-08T15:28:24","date_gmt":"2021-12-08T15:28:24","guid":{"rendered":"https:\/\/karsten-wolf.com\/kontakt"},"modified":"2022-10-28T10:31:21","modified_gmt":"2022-10-28T10:31:21","slug":"kontakt","status":"publish","type":"page","link":"https:\/\/karsten-wolf.com\/en\/kontakt","title":{"rendered":"Kontakt"},"content":{"rendered":"\t\t<div data-elementor-type=\"wp-page\" data-elementor-id=\"1039\" class=\"elementor elementor-1039 elementor-36\" data-elementor-post-type=\"page\">\n\t\t\t\t\t\t<section class=\"elementor-section elementor-top-section elementor-element elementor-element-1691bc6f elementor-section-full_width elementor-section-height-min-height elementor-section-items-stretch elementor-section-content-middle elementor-section-height-default\" data-id=\"1691bc6f\" data-element_type=\"section\" data-e-type=\"section\" data-settings=\"{&quot;background_background&quot;:&quot;classic&quot;}\">\n\t\t\t\t\t\t<div class=\"elementor-container elementor-column-gap-no\">\n\t\t\t\t\t<div class=\"elementor-column elementor-col-100 elementor-top-column elementor-element elementor-element-7498452e\" data-id=\"7498452e\" data-element_type=\"column\" data-e-type=\"column\">\n\t\t\t<div class=\"elementor-widget-wrap elementor-element-populated\">\n\t\t\t\t\t\t<div class=\"elementor-element elementor-element-2d402de0 elementor-widget elementor-widget-heading\" data-id=\"2d402de0\" data-element_type=\"widget\" data-e-type=\"widget\" data-widget_type=\"heading.default\">\n\t\t\t\t<div class=\"elementor-widget-container\">\n\t\t\t\t\t<h1 class=\"elementor-heading-title elementor-size-default\">CONTACT CONTACT CONTACT<\/h1>\t\t\t\t<\/div>\n\t\t\t\t<\/div>\n\t\t\t\t\t<\/div>\n\t\t<\/div>\n\t\t\t\t\t<\/div>\n\t\t<\/section>\n\t\t\t\t<section class=\"elementor-section elementor-top-section elementor-element elementor-element-1bf634c3 elementor-section-full_width elementor-section-height-min-height elementor-section-items-stretch elementor-section-height-default\" data-id=\"1bf634c3\" data-element_type=\"section\" data-e-type=\"section\">\n\t\t\t\t\t\t<div class=\"elementor-container elementor-column-gap-default\">\n\t\t\t\t\t<div class=\"elementor-column elementor-col-50 elementor-top-column elementor-element elementor-element-12d0f020\" data-id=\"12d0f020\" data-element_type=\"column\" data-e-type=\"column\">\n\t\t\t<div class=\"elementor-widget-wrap elementor-element-populated\">\n\t\t\t\t\t\t<section class=\"elementor-section elementor-inner-section elementor-element elementor-element-5ecbb2d7 elementor-section-boxed elementor-section-height-default elementor-section-height-default\" data-id=\"5ecbb2d7\" data-element_type=\"section\" data-e-type=\"section\">\n\t\t\t\t\t\t<div class=\"elementor-container elementor-column-gap-default\">\n\t\t\t\t\t<div class=\"elementor-column elementor-col-100 elementor-inner-column elementor-element elementor-element-2c1b5dcd\" data-id=\"2c1b5dcd\" data-element_type=\"column\" data-e-type=\"column\">\n\t\t\t<div class=\"elementor-widget-wrap elementor-element-populated\">\n\t\t\t\t\t\t<div class=\"elementor-element elementor-element-2ac1d955 elementor-widget elementor-widget-heading\" data-id=\"2ac1d955\" data-element_type=\"widget\" data-e-type=\"widget\" data-widget_type=\"heading.default\">\n\t\t\t\t<div class=\"elementor-widget-container\">\n\t\t\t\t\t<h2 class=\"elementor-heading-title elementor-size-default\">MESSAGE TO KARSTEN<\/h2>\t\t\t\t<\/div>\n\t\t\t\t<\/div>\n\t\t\t\t<div class=\"elementor-element elementor-element-5017d677 elementor-button-align-center elementor-widget elementor-widget-form\" data-id=\"5017d677\" data-element_type=\"widget\" data-e-type=\"widget\" data-settings=\"{&quot;step_next_label&quot;:&quot;Next&quot;,&quot;step_previous_label&quot;:&quot;Previous&quot;,&quot;button_width&quot;:&quot;100&quot;,&quot;step_type&quot;:&quot;number_text&quot;,&quot;step_icon_shape&quot;:&quot;circle&quot;}\" data-widget_type=\"form.default\">\n\t\t\t\t<div class=\"elementor-widget-container\">\n\t\t\t\t\t\t\t<form class=\"elementor-form\" method=\"post\" name=\"New Form\" aria-label=\"New Form\">\n\t\t\t<input type=\"hidden\" name=\"post_id\" value=\"1039\"\/>\n\t\t\t<input type=\"hidden\" name=\"form_id\" value=\"5017d677\"\/>\n\t\t\t<input type=\"hidden\" name=\"referer_title\" value=\"Kontakt - Karsten Wolf - Sprecher\" \/>\n\n\t\t\t\t\t\t\t<input type=\"hidden\" name=\"queried_id\" value=\"1039\"\/>\n\t\t\t\n\t\t\t<div class=\"elementor-form-fields-wrapper elementor-labels-\">\n\t\t\t\t\t\t\t\t<div class=\"elementor-field-type-text elementor-field-group elementor-column elementor-field-group-name elementor-col-100\">\n\t\t\t\t\t\t\t\t\t\t\t\t<label for=\"form-field-name\" class=\"elementor-field-label elementor-screen-only\">\n\t\t\t\t\t\t\t\tName\t\t\t\t\t\t\t<\/label>\n\t\t\t\t\t\t\t\t\t\t\t\t\t\t<input size=\"1\" type=\"text\" name=\"form_fields[name]\" id=\"form-field-name\" class=\"elementor-field elementor-size-sm  elementor-field-textual\" placeholder=\"Name\">\n\t\t\t\t\t\t\t\t\t\t\t<\/div>\n\t\t\t\t\t\t\t\t<div class=\"elementor-field-type-email elementor-field-group elementor-column elementor-field-group-email elementor-col-100 elementor-field-required\">\n\t\t\t\t\t\t\t\t\t\t\t\t<label for=\"form-field-email\" class=\"elementor-field-label elementor-screen-only\">\n\t\t\t\t\t\t\t\tE-Mail\t\t\t\t\t\t\t<\/label>\n\t\t\t\t\t\t\t\t\t\t\t\t\t\t<input size=\"1\" type=\"email\" name=\"form_fields[email]\" id=\"form-field-email\" class=\"elementor-field elementor-size-sm  elementor-field-textual\" placeholder=\"E-Mail\" required=\"required\">\n\t\t\t\t\t\t\t\t\t\t\t<\/div>\n\t\t\t\t\t\t\t\t<div class=\"elementor-field-type-select elementor-field-group elementor-column elementor-field-group-field_d314f19 elementor-col-100\">\n\t\t\t\t\t\t\t\t\t\t\t\t<label for=\"form-field-field_d314f19\" class=\"elementor-field-label elementor-screen-only\">\n\t\t\t\t\t\t\t\tSUBJECT\t\t\t\t\t\t\t<\/label>\n\t\t\t\t\t\t\t\t<div class=\"elementor-field elementor-select-wrapper remove-before \">\n\t\t\t<div class=\"select-caret-down-wrapper\">\n\t\t\t\t<i aria-hidden=\"true\" class=\"eicon-caret-down\"><\/i>\t\t\t<\/div>\n\t\t\t<select name=\"form_fields[field_d314f19]\" id=\"form-field-field_d314f19\" class=\"elementor-field-textual elementor-size-sm\">\n\t\t\t\t\t\t\t\t\t<option value=\"SUBJECT\">SUBJECT<\/option>\n\t\t\t\t\t\t\t\t\t<option value=\"BOOKING REQUEST\">BOOKING REQUEST<\/option>\n\t\t\t\t\t\t\t\t\t<option value=\"GENERAL\">GENERAL<\/option>\n\t\t\t\t\t\t\t<\/select>\n\t\t<\/div>\n\t\t\t\t\t\t<\/div>\n\t\t\t\t\t\t\t\t<div class=\"elementor-field-type-textarea elementor-field-group elementor-column elementor-field-group-message elementor-col-100\">\n\t\t\t\t\t\t\t\t\t\t\t\t<label for=\"form-field-message\" class=\"elementor-field-label elementor-screen-only\">\n\t\t\t\t\t\t\t\tMessage\t\t\t\t\t\t\t<\/label>\n\t\t\t\t\t\t<textarea class=\"elementor-field-textual elementor-field  elementor-size-sm\" name=\"form_fields[message]\" id=\"form-field-message\" rows=\"4\" placeholder=\"Message\"><\/textarea>\t\t\t\t<\/div>\n\t\t\t\t\t\t\t\t<div class=\"elementor-field-type-recaptcha elementor-field-group elementor-column elementor-field-group-field_6da2a25 elementor-col-100\">\n\t\t\t\t\t<div class=\"elementor-field\" id=\"form-field-field_6da2a25\"><div class=\"elementor-g-recaptcha\" data-sitekey=\"6Ld3e5EiAAAAAHva0kbGQBpk-pDpVRgWc3Dn8WSL\" data-type=\"v2_checkbox\" data-theme=\"light\" data-size=\"normal\"><\/div><\/div>\t\t\t\t<\/div>\n\t\t\t\t\t\t\t\t<div class=\"elementor-field-group elementor-column elementor-field-type-submit elementor-col-100 e-form__buttons\">\n\t\t\t\t\t<button class=\"elementor-button elementor-size-sm\" type=\"submit\">\n\t\t\t\t\t\t<span class=\"elementor-button-content-wrapper\">\n\t\t\t\t\t\t\t\t\t\t\t\t\t\t\t\t\t\t\t\t\t\t<span class=\"elementor-button-text\">SEND<\/span>\n\t\t\t\t\t\t\t\t\t\t\t\t\t<\/span>\n\t\t\t\t\t<\/button>\n\t\t\t\t<\/div>\n\t\t\t<\/div>\n\t\t<\/form>\n\t\t\t\t\t\t<\/div>\n\t\t\t\t<\/div>\n\t\t\t\t\t<\/div>\n\t\t<\/div>\n\t\t\t\t\t<\/div>\n\t\t<\/section>\n\t\t\t\t\t<\/div>\n\t\t<\/div>\n\t\t\t\t<div class=\"elementor-column elementor-col-50 elementor-top-column elementor-element elementor-element-210b7715\" data-id=\"210b7715\" data-element_type=\"column\" data-e-type=\"column\" data-settings=\"{&quot;background_background&quot;:&quot;classic&quot;}\">\n\t\t\t<div class=\"elementor-widget-wrap elementor-element-populated\">\n\t\t\t\t\t\t<section class=\"elementor-section elementor-inner-section elementor-element elementor-element-2f930ba9 elementor-section-boxed elementor-section-height-default elementor-section-height-default\" data-id=\"2f930ba9\" data-element_type=\"section\" data-e-type=\"section\">\n\t\t\t\t\t\t<div class=\"elementor-container elementor-column-gap-default\">\n\t\t\t\t\t<div class=\"elementor-column elementor-col-100 elementor-inner-column elementor-element elementor-element-5f32e559\" data-id=\"5f32e559\" data-element_type=\"column\" data-e-type=\"column\">\n\t\t\t<div class=\"elementor-widget-wrap elementor-element-populated\">\n\t\t\t\t\t\t<div class=\"elementor-element elementor-element-5ab4f10a elementor-widget elementor-widget-heading\" data-id=\"5ab4f10a\" data-element_type=\"widget\" data-e-type=\"widget\" data-widget_type=\"heading.default\">\n\t\t\t\t<div class=\"elementor-widget-container\">\n\t\t\t\t\t<h3 class=\"elementor-heading-title elementor-size-default\">Agency:<\/h3>\t\t\t\t<\/div>\n\t\t\t\t<\/div>\n\t\t\t\t<div class=\"elementor-element elementor-element-61617b36 elementor-widget elementor-widget-text-editor\" data-id=\"61617b36\" data-element_type=\"widget\" data-e-type=\"widget\" data-widget_type=\"text-editor.default\">\n\t\t\t\t<div class=\"elementor-widget-container\">\n\t\t\t\t\t\t\t\t\t<p><a href=\"http:\/\/Sprecherdatei.de\">Sprecherdatei.de<\/a><\/p><p>Danckelmannstr. 9<\/p><p>14059 Berlin<\/p><p>Tel.: +49 (0)30 2655 1763<\/p><p>E-Mail: <a href=\"mailto:info@sprecherdatei.de?subject=Anfrage bzgl Karsten Wolf\">info@sprecherdatei.de<\/a><\/p><p><a href=\"https:\/\/www.sprecherdatei.de\/sprecher\/karsten_wolf.php\" target=\"_blank\" rel=\"noopener\">www.sprecherdatei.de<\/a><\/p>\t\t\t\t\t\t\t\t<\/div>\n\t\t\t\t<\/div>\n\t\t\t\t<div class=\"elementor-element elementor-element-60d35750 elementor-widget elementor-widget-heading\" data-id=\"60d35750\" data-element_type=\"widget\" data-e-type=\"widget\" data-widget_type=\"heading.default\">\n\t\t\t\t<div class=\"elementor-widget-container\">\n\t\t\t\t\t<h3 class=\"elementor-heading-title elementor-size-default\">Direct:<\/h3>\t\t\t\t<\/div>\n\t\t\t\t<\/div>\n\t\t\t\t<div class=\"elementor-element elementor-element-9e9993 elementor-widget elementor-widget-text-editor\" data-id=\"9e9993\" data-element_type=\"widget\" data-e-type=\"widget\" data-widget_type=\"text-editor.default\">\n\t\t\t\t<div class=\"elementor-widget-container\">\n\t\t\t\t\t\t\t\t\t<p class=\"p3 over_outline\">Karsten Wolf<\/p><p class=\"p2 over_outline\">Contact<\/p><p class=\"p3 over_outline\">Tel.: +49 (0)1609 1590279<\/p><p class=\"p3 over_outline\">E-Mail: <a href=\"mailto:karsten.wolf@snafu.de?subject=Anfrage \u00fcber Website\">karsten.wolf@snafu.de<\/a><\/p>\t\t\t\t\t\t\t\t<\/div>\n\t\t\t\t<\/div>\n\t\t\t\t\t<\/div>\n\t\t<\/div>\n\t\t\t\t\t<\/div>\n\t\t<\/section>\n\t\t\t\t\t<\/div>\n\t\t<\/div>\n\t\t\t\t\t<\/div>\n\t\t<\/section>\n\t\t\t\t<\/div>\n\t\t","protected":false},"excerpt":{"rendered":"<p>CONTACT CONTACT CONTACT MESSAGE TO KARSTEN Agency: Sprecherdatei.de Danckelmannstr. 9 14059 Berlin Tel.: +49 (0)30 2655 1763 E-Mail: info@sprecherdatei.de www.sprecherdatei.de Direct: Karsten Wolf Contact Tel.: +49 (0)1609 1590279 E-Mail: karsten.wolf@snafu.de<\/p>\n","protected":false},"author":1,"featured_media":0,"parent":0,"menu_order":0,"comment_status":"closed","ping_status":"closed","template":"elementor_header_footer","meta":{"footnotes":""},"class_list":["post-1039","page","type-page","status-publish","hentry","entry"],"yoast_head":"<!-- This site is optimized with the Yoast SEO plugin v27.3 - https:\/\/yoast.com\/product\/yoast-seo-wordpress\/ -->\n<title>Kontakt - Karsten Wolf - Sprecher<\/title>\n<meta name=\"description\" content=\"Karsten Wolf, Sprecher, Berlin, Deutschland, Karsten, Wolf, Voice, Voiceover, Germany Kontakt Professioneller Sprecher aus Berlin mit eigenem Studio. Bietet Sprachaufnahmen f\u00fcr Werbung, H\u00f6rbuch, H\u00f6rspiel, Unternehmensfilm, Audioguide, Voice Over, Doku und Erkl\u00e4rfilm.\" \/>\n<meta name=\"robots\" content=\"index, follow, max-snippet:-1, max-image-preview:large, max-video-preview:-1\" \/>\n<link rel=\"canonical\" href=\"https:\/\/karsten-wolf.com\/en\/kontakt\" \/>\n<meta property=\"og:locale\" content=\"en_US\" \/>\n<meta property=\"og:type\" content=\"article\" \/>\n<meta property=\"og:title\" content=\"Kontakt - Karsten Wolf - Sprecher\" \/>\n<meta property=\"og:description\" content=\"Karsten Wolf, Sprecher, Berlin, Deutschland, Karsten, Wolf, Voice, Voiceover, Germany Kontakt Professioneller Sprecher aus Berlin mit eigenem Studio. Bietet Sprachaufnahmen f\u00fcr Werbung, H\u00f6rbuch, H\u00f6rspiel, Unternehmensfilm, Audioguide, Voice Over, Doku und Erkl\u00e4rfilm.\" \/>\n<meta property=\"og:url\" content=\"https:\/\/karsten-wolf.com\/en\/kontakt\" \/>\n<meta property=\"og:site_name\" content=\"Karsten Wolf - Sprecher\" \/>\n<meta property=\"article:modified_time\" content=\"2022-10-28T10:31:21+00:00\" \/>\n<meta name=\"twitter:card\" content=\"summary_large_image\" \/>\n<meta name=\"twitter:label1\" content=\"Est. reading time\" \/>\n\t<meta name=\"twitter:data1\" content=\"1 minute\" \/>\n<script type=\"application\/ld+json\" class=\"yoast-schema-graph\">{\"@context\":\"https:\\\/\\\/schema.org\",\"@graph\":[{\"@type\":\"WebPage\",\"@id\":\"https:\\\/\\\/karsten-wolf.com\\\/en\\\/kontakt\",\"url\":\"https:\\\/\\\/karsten-wolf.com\\\/en\\\/kontakt\",\"name\":\"Kontakt - Karsten Wolf - Sprecher\",\"isPartOf\":{\"@id\":\"https:\\\/\\\/karsten-wolf.com\\\/en#website\"},\"datePublished\":\"2021-12-08T15:28:24+00:00\",\"dateModified\":\"2022-10-28T10:31:21+00:00\",\"description\":\"Karsten Wolf, Sprecher, Berlin, Deutschland, Karsten, Wolf, Voice, Voiceover, Germany Kontakt Professioneller Sprecher aus Berlin mit eigenem Studio. Bietet Sprachaufnahmen f\u00fcr Werbung, H\u00f6rbuch, H\u00f6rspiel, Unternehmensfilm, Audioguide, Voice Over, Doku und Erkl\u00e4rfilm.\",\"breadcrumb\":{\"@id\":\"https:\\\/\\\/karsten-wolf.com\\\/en\\\/kontakt#breadcrumb\"},\"inLanguage\":\"en-US\",\"potentialAction\":[{\"@type\":\"ReadAction\",\"target\":[\"https:\\\/\\\/karsten-wolf.com\\\/en\\\/kontakt\"]}]},{\"@type\":\"BreadcrumbList\",\"@id\":\"https:\\\/\\\/karsten-wolf.com\\\/en\\\/kontakt#breadcrumb\",\"itemListElement\":[{\"@type\":\"ListItem\",\"position\":1,\"name\":\"Startseite\",\"item\":\"https:\\\/\\\/karsten-wolf.com\\\/en\"},{\"@type\":\"ListItem\",\"position\":2,\"name\":\"Kontakt\"}]},{\"@type\":\"WebSite\",\"@id\":\"https:\\\/\\\/karsten-wolf.com\\\/en#website\",\"url\":\"https:\\\/\\\/karsten-wolf.com\\\/en\",\"name\":\"Karsten Wolf - Sprecher\",\"description\":\"Karsten Wolf - Sprecher - Berlin - Germany\",\"publisher\":{\"@id\":\"https:\\\/\\\/karsten-wolf.com\\\/en#\\\/schema\\\/person\\\/f724cf007f037dd209a45675d9a3617f\"},\"potentialAction\":[{\"@type\":\"SearchAction\",\"target\":{\"@type\":\"EntryPoint\",\"urlTemplate\":\"https:\\\/\\\/karsten-wolf.com\\\/en?s={search_term_string}\"},\"query-input\":{\"@type\":\"PropertyValueSpecification\",\"valueRequired\":true,\"valueName\":\"search_term_string\"}}],\"inLanguage\":\"en-US\"},{\"@type\":[\"Person\",\"Organization\"],\"@id\":\"https:\\\/\\\/karsten-wolf.com\\\/en#\\\/schema\\\/person\\\/f724cf007f037dd209a45675d9a3617f\",\"name\":\"Karsten Wolf\",\"image\":{\"@type\":\"ImageObject\",\"inLanguage\":\"en-US\",\"@id\":\"https:\\\/\\\/karsten-wolf.com\\\/wp-content\\\/uploads\\\/2021\\\/12\\\/cropped-Logo-Wolff-1.png\",\"url\":\"https:\\\/\\\/karsten-wolf.com\\\/wp-content\\\/uploads\\\/2021\\\/12\\\/cropped-Logo-Wolff-1.png\",\"contentUrl\":\"https:\\\/\\\/karsten-wolf.com\\\/wp-content\\\/uploads\\\/2021\\\/12\\\/cropped-Logo-Wolff-1.png\",\"width\":964,\"height\":497,\"caption\":\"Karsten Wolf\"},\"logo\":{\"@id\":\"https:\\\/\\\/karsten-wolf.com\\\/wp-content\\\/uploads\\\/2021\\\/12\\\/cropped-Logo-Wolff-1.png\"},\"sameAs\":[\"http:\\\/\\\/www.karsten-wolf.com\"]}]}<\/script>\n<!-- \/ Yoast SEO plugin. -->","yoast_head_json":{"title":"Kontakt - Karsten Wolf - Sprecher","description":"Karsten Wolf, Sprecher, Berlin, Deutschland, Karsten, Wolf, Voice, Voiceover, Germany Kontakt Professioneller Sprecher aus Berlin mit eigenem Studio. Bietet Sprachaufnahmen f\u00fcr Werbung, H\u00f6rbuch, H\u00f6rspiel, Unternehmensfilm, Audioguide, Voice Over, Doku und Erkl\u00e4rfilm.","robots":{"index":"index","follow":"follow","max-snippet":"max-snippet:-1","max-image-preview":"max-image-preview:large","max-video-preview":"max-video-preview:-1"},"canonical":"https:\/\/karsten-wolf.com\/en\/kontakt","og_locale":"en_US","og_type":"article","og_title":"Kontakt - Karsten Wolf - Sprecher","og_description":"Karsten Wolf, Sprecher, Berlin, Deutschland, Karsten, Wolf, Voice, Voiceover, Germany Kontakt Professioneller Sprecher aus Berlin mit eigenem Studio. Bietet Sprachaufnahmen f\u00fcr Werbung, H\u00f6rbuch, H\u00f6rspiel, Unternehmensfilm, Audioguide, Voice Over, Doku und Erkl\u00e4rfilm.","og_url":"https:\/\/karsten-wolf.com\/en\/kontakt","og_site_name":"Karsten Wolf - Sprecher","article_modified_time":"2022-10-28T10:31:21+00:00","twitter_card":"summary_large_image","twitter_misc":{"Est. reading time":"1 minute"},"schema":{"@context":"https:\/\/schema.org","@graph":[{"@type":"WebPage","@id":"https:\/\/karsten-wolf.com\/en\/kontakt","url":"https:\/\/karsten-wolf.com\/en\/kontakt","name":"Kontakt - Karsten Wolf - Sprecher","isPartOf":{"@id":"https:\/\/karsten-wolf.com\/en#website"},"datePublished":"2021-12-08T15:28:24+00:00","dateModified":"2022-10-28T10:31:21+00:00","description":"Karsten Wolf, Sprecher, Berlin, Deutschland, Karsten, Wolf, Voice, Voiceover, Germany Kontakt Professioneller Sprecher aus Berlin mit eigenem Studio. Bietet Sprachaufnahmen f\u00fcr Werbung, H\u00f6rbuch, H\u00f6rspiel, Unternehmensfilm, Audioguide, Voice Over, Doku und Erkl\u00e4rfilm.","breadcrumb":{"@id":"https:\/\/karsten-wolf.com\/en\/kontakt#breadcrumb"},"inLanguage":"en-US","potentialAction":[{"@type":"ReadAction","target":["https:\/\/karsten-wolf.com\/en\/kontakt"]}]},{"@type":"BreadcrumbList","@id":"https:\/\/karsten-wolf.com\/en\/kontakt#breadcrumb","itemListElement":[{"@type":"ListItem","position":1,"name":"Startseite","item":"https:\/\/karsten-wolf.com\/en"},{"@type":"ListItem","position":2,"name":"Kontakt"}]},{"@type":"WebSite","@id":"https:\/\/karsten-wolf.com\/en#website","url":"https:\/\/karsten-wolf.com\/en","name":"Karsten Wolf - Sprecher","description":"Karsten Wolf - Sprecher - Berlin - Germany","publisher":{"@id":"https:\/\/karsten-wolf.com\/en#\/schema\/person\/f724cf007f037dd209a45675d9a3617f"},"potentialAction":[{"@type":"SearchAction","target":{"@type":"EntryPoint","urlTemplate":"https:\/\/karsten-wolf.com\/en?s={search_term_string}"},"query-input":{"@type":"PropertyValueSpecification","valueRequired":true,"valueName":"search_term_string"}}],"inLanguage":"en-US"},{"@type":["Person","Organization"],"@id":"https:\/\/karsten-wolf.com\/en#\/schema\/person\/f724cf007f037dd209a45675d9a3617f","name":"Karsten Wolf","image":{"@type":"ImageObject","inLanguage":"en-US","@id":"https:\/\/karsten-wolf.com\/wp-content\/uploads\/2021\/12\/cropped-Logo-Wolff-1.png","url":"https:\/\/karsten-wolf.com\/wp-content\/uploads\/2021\/12\/cropped-Logo-Wolff-1.png","contentUrl":"https:\/\/karsten-wolf.com\/wp-content\/uploads\/2021\/12\/cropped-Logo-Wolff-1.png","width":964,"height":497,"caption":"Karsten Wolf"},"logo":{"@id":"https:\/\/karsten-wolf.com\/wp-content\/uploads\/2021\/12\/cropped-Logo-Wolff-1.png"},"sameAs":["http:\/\/www.karsten-wolf.com"]}]}},"_links":{"self":[{"href":"https:\/\/karsten-wolf.com\/en\/wp-json\/wp\/v2\/pages\/1039","targetHints":{"allow":["GET"]}}],"collection":[{"href":"https:\/\/karsten-wolf.com\/en\/wp-json\/wp\/v2\/pages"}],"about":[{"href":"https:\/\/karsten-wolf.com\/en\/wp-json\/wp\/v2\/types\/page"}],"author":[{"embeddable":true,"href":"https:\/\/karsten-wolf.com\/en\/wp-json\/wp\/v2\/users\/1"}],"replies":[{"embeddable":true,"href":"https:\/\/karsten-wolf.com\/en\/wp-json\/wp\/v2\/comments?post=1039"}],"version-history":[{"count":7,"href":"https:\/\/karsten-wolf.com\/en\/wp-json\/wp\/v2\/pages\/1039\/revisions"}],"predecessor-version":[{"id":1124,"href":"https:\/\/karsten-wolf.com\/en\/wp-json\/wp\/v2\/pages\/1039\/revisions\/1124"}],"wp:attachment":[{"href":"https:\/\/karsten-wolf.com\/en\/wp-json\/wp\/v2\/media?parent=1039"}],"curies":[{"name":"wp","href":"https:\/\/api.w.org\/{rel}","templated":true}]}}