{"id":1036,"date":"2021-12-08T15:28:24","date_gmt":"2021-12-08T15:28:24","guid":{"rendered":"https:\/\/karsten-wolf.com\/vita"},"modified":"2024-06-26T11:54:53","modified_gmt":"2024-06-26T11:54:53","slug":"vita","status":"publish","type":"page","link":"https:\/\/karsten-wolf.com\/en\/vita","title":{"rendered":"CV"},"content":{"rendered":"\t\t<div data-elementor-type=\"wp-page\" data-elementor-id=\"1036\" class=\"elementor elementor-1036 elementor-39\" data-elementor-post-type=\"page\">\n\t\t\t\t\t\t<section class=\"elementor-section elementor-top-section elementor-element elementor-element-134de2b9 elementor-section-full_width elementor-section-height-min-height elementor-section-items-stretch elementor-section-content-middle elementor-section-height-default\" data-id=\"134de2b9\" data-element_type=\"section\" data-e-type=\"section\" data-settings=\"{&quot;background_background&quot;:&quot;classic&quot;}\">\n\t\t\t\t\t\t<div class=\"elementor-container elementor-column-gap-no\">\n\t\t\t\t\t<div class=\"elementor-column elementor-col-100 elementor-top-column elementor-element elementor-element-3f320139\" data-id=\"3f320139\" data-element_type=\"column\" data-e-type=\"column\">\n\t\t\t<div class=\"elementor-widget-wrap elementor-element-populated\">\n\t\t\t\t\t\t<div class=\"elementor-element elementor-element-5c2fb458 elementor-widget elementor-widget-heading\" data-id=\"5c2fb458\" data-element_type=\"widget\" data-e-type=\"widget\" data-widget_type=\"heading.default\">\n\t\t\t\t<div class=\"elementor-widget-container\">\n\t\t\t\t\t<h1 class=\"elementor-heading-title elementor-size-default\">CV CV CV CV CV CV CV CV CV<\/h1>\t\t\t\t<\/div>\n\t\t\t\t<\/div>\n\t\t\t\t\t<\/div>\n\t\t<\/div>\n\t\t\t\t\t<\/div>\n\t\t<\/section>\n\t\t\t\t<section class=\"elementor-section elementor-top-section elementor-element elementor-element-626e4c7d elementor-section-full_width elementor-section-height-min-height elementor-section-items-stretch elementor-section-height-default\" data-id=\"626e4c7d\" data-element_type=\"section\" data-e-type=\"section\">\n\t\t\t\t\t\t<div class=\"elementor-container elementor-column-gap-default\">\n\t\t\t\t\t<div class=\"elementor-column elementor-col-50 elementor-top-column elementor-element elementor-element-7ac075ec\" data-id=\"7ac075ec\" data-element_type=\"column\" data-e-type=\"column\">\n\t\t\t<div class=\"elementor-widget-wrap elementor-element-populated\">\n\t\t\t\t\t\t<div class=\"elementor-element elementor-element-771bc6c6 elementor-widget elementor-widget-image\" data-id=\"771bc6c6\" data-element_type=\"widget\" data-e-type=\"widget\" data-widget_type=\"image.default\">\n\t\t\t\t<div class=\"elementor-widget-container\">\n\t\t\t\t\t\t\t\t\t\t\t\t\t\t\t<img fetchpriority=\"high\" decoding=\"async\" width=\"750\" height=\"1000\" src=\"https:\/\/karsten-wolf.com\/wp-content\/uploads\/2021\/12\/Wolf-768x1024.png\" class=\"attachment-large size-large wp-image-921\" alt=\"\" srcset=\"https:\/\/karsten-wolf.com\/wp-content\/uploads\/2021\/12\/Wolf-768x1024.png 768w, https:\/\/karsten-wolf.com\/wp-content\/uploads\/2021\/12\/Wolf-225x300.png 225w, https:\/\/karsten-wolf.com\/wp-content\/uploads\/2021\/12\/Wolf-1152x1536.png 1152w, https:\/\/karsten-wolf.com\/wp-content\/uploads\/2021\/12\/Wolf.png 1500w\" sizes=\"(max-width: 750px) 100vw, 750px\" style=\"width:100%;height:133.33%;max-width:1500px\" \/>\t\t\t\t\t\t\t\t\t\t\t\t\t\t\t<\/div>\n\t\t\t\t<\/div>\n\t\t\t\t<div class=\"elementor-element elementor-element-18e075e elementor-widget elementor-widget-text-editor\" data-id=\"18e075e\" data-element_type=\"widget\" data-e-type=\"widget\" data-widget_type=\"text-editor.default\">\n\t\t\t\t<div class=\"elementor-widget-container\">\n\t\t\t\t\t\t\t\t\t<p>Photo: J\u00f6rg Brunsendorf<\/p>\n\t\t\t\t\t\t\t\t<\/div>\n\t\t\t\t<\/div>\n\t\t\t\t<div class=\"elementor-element elementor-element-7e22f883 elementor-widget elementor-widget-text-editor\" data-id=\"7e22f883\" data-element_type=\"widget\" data-e-type=\"widget\" data-widget_type=\"text-editor.default\">\n\t\t\t\t<div class=\"elementor-widget-container\">\n\t\t\t\t\t\t\t\t\t<div>\n<p><strong>My background<\/strong><\/p>\n<p>Voice, language and sound have always played a central role in my life: First in my work in the recording studio as a music producer and DJ, later in my work as a translator and subtitler of TV series, documentaries and feature films. <br>And since 2010 as a voice actor.<br>I fell in love with the art of voice acting in London, where I lived for 10 years. In studios in the UK I gained my first experience in voice-over recordings in German and English. After returning to Berlin, I further professionalized my voice-over work, with my own studio and a network of partners for all audio production needs.<\/p>\n<p><\/p>\n<p><strong>Projects<\/strong><br>Since then, I have voiced commercials for brands such as Lego, HP and Google, characters in videogames such as Strife and Angry Birds, the audio editions of magazines Spektrum der Wissenschaft and G\/Geschichte, documentaries such as Picture Stories, Haiti Rescue and Fear City: New York vs The Mafia, as well as explainer videos and e-learning courses on various subject matter such as work place safety, IT, medicine and pharmaceuticals.<\/p>\n<p><\/p>\n<p><strong>Training<\/strong><br>I see training and education as an ongoing, never-ending process. The path is the goal. Each of my trainers and coaches has helped me take a small or large step towards this goal. To name a few:<\/p>\n<p><\/p>\n<p><strong>Anne Feuker (Vocalis) with voice training<\/strong><\/p><p><span style=\"font-weight: 700;\">Mattea Cavic &amp; J\u00f6rg Witte (Chubbuck Studio Berlin)&nbsp;<\/span><span style=\"background-color: var( --e-global-color-23d13e8 ); color: var( --e-global-color-text ); font-weight: 700;\">with acting training<\/span><strong><br><\/strong><\/p>\n<p><b>Claas W\u00fcrfel &amp;&nbsp;<\/b><span style=\"font-weight: 700; color: var( --e-global-color-text ); background-color: var( --e-global-color-23d13e8 );\">Marvin M\u00fcnstermann<\/span><span style=\"font-weight: 700; color: var( --e-global-color-text ); background-color: var( --e-global-color-23d13e8 );\">&nbsp;<\/span><b style=\"color: var( --e-global-color-text ); background-color: var( --e-global-color-23d13e8 );\">(ActorFactory) with acting training<\/b><\/p>\n<p><strong>Katharina Koschny (Akademie f\u00fcr Professionelles Sprechen) and Irina von Bentheim (Christian Rode Sprecherschule) with dubbing training <\/strong><br><strong>Carmen Molinar with advanced training in voicing documentaries<\/strong><br><strong>Matthias Cieslik (Sprecherschmiede) and Willi Meyer with voice acting for commercials and radio spots<\/strong><br><strong>Christian Rode and Uve Teschner with coaching in audio book narration<\/strong><\/p>\n<\/div>\t\t\t\t\t\t\t\t<\/div>\n\t\t\t\t<\/div>\n\t\t\t\t<div class=\"elementor-element elementor-element-38be225 elementor-widget elementor-widget-spacer\" data-id=\"38be225\" data-element_type=\"widget\" data-e-type=\"widget\" data-widget_type=\"spacer.default\">\n\t\t\t\t<div class=\"elementor-widget-container\">\n\t\t\t\t\t\t\t<div class=\"elementor-spacer\">\n\t\t\t<div class=\"elementor-spacer-inner\"><\/div>\n\t\t<\/div>\n\t\t\t\t\t\t<\/div>\n\t\t\t\t<\/div>\n\t\t\t\t\t<\/div>\n\t\t<\/div>\n\t\t\t\t<div class=\"elementor-column elementor-col-50 elementor-top-column elementor-element elementor-element-4d168346\" data-id=\"4d168346\" data-element_type=\"column\" data-e-type=\"column\" data-settings=\"{&quot;background_background&quot;:&quot;classic&quot;}\">\n\t\t\t<div class=\"elementor-widget-wrap elementor-element-populated\">\n\t\t\t\t\t\t<div class=\"elementor-element elementor-element-6c0abe0 elementor-widget elementor-widget-text-editor\" data-id=\"6c0abe0\" data-element_type=\"widget\" data-e-type=\"widget\" data-widget_type=\"text-editor.default\">\n\t\t\t\t<div class=\"elementor-widget-container\">\n\t\t\t\t\t\t\t\t\t<p>What do I offer?<br \/>First and foremost: My voice. <br \/>Recorded and produced either in my own studio or in a studio of your choice. <br \/>There is the option of remote direction.<br \/>I am also happy to help with editing and post-production of audio tracks or with proofreading, adaptation and translation of voice-over scripts.<\/p>\n\t\t\t\t\t\t\t\t<\/div>\n\t\t\t\t<\/div>\n\t\t\t\t\t<\/div>\n\t\t<\/div>\n\t\t\t\t\t<\/div>\n\t\t<\/section>\n\t\t\t\t<section class=\"elementor-section elementor-top-section elementor-element elementor-element-50beba16 elementor-section-full_width elementor-section-height-min-height elementor-section-items-stretch elementor-section-content-middle elementor-section-height-default\" data-id=\"50beba16\" data-element_type=\"section\" data-e-type=\"section\" data-settings=\"{&quot;background_background&quot;:&quot;classic&quot;}\">\n\t\t\t\t\t\t<div class=\"elementor-container elementor-column-gap-default\">\n\t\t\t\t\t<div class=\"elementor-column elementor-col-50 elementor-top-column elementor-element elementor-element-40a01744\" data-id=\"40a01744\" data-element_type=\"column\" data-e-type=\"column\">\n\t\t\t<div class=\"elementor-widget-wrap elementor-element-populated\">\n\t\t\t\t\t\t<div class=\"elementor-element elementor-element-76c7fa10 elementor-widget elementor-widget-testimonial\" data-id=\"76c7fa10\" data-element_type=\"widget\" data-e-type=\"widget\" data-widget_type=\"testimonial.default\">\n\t\t\t\t<div class=\"elementor-widget-container\">\n\t\t\t\t\t\t\t<div class=\"elementor-testimonial-wrapper\">\n\t\t\t\t\t\t\t<div class=\"elementor-testimonial-content\"><p>By the way, having lived and worked in London for over 10 years, I speak English at a professional level and I am happy to be available for recordings in English \u2013 as for example for the documentary Picture Stories.<\/p>\n<\/div>\n\t\t\t\n\t\t\t\t\t\t<div class=\"elementor-testimonial-meta\">\n\t\t\t\t<div class=\"elementor-testimonial-meta-inner\">\n\t\t\t\t\t\n\t\t\t\t\t\t\t\t\t\t<div class=\"elementor-testimonial-details\">\n\t\t\t\t\t\t\t\t\t\t\t\t\t\t<a class=\"elementor-testimonial-name\" href=\"https:\/\/picturestoriesfilm.com\/\" target=\"_blank\">\u2014 Picture Stories \u2014 <\/a>\n\t\t\t\t\t\t\t\t\t\t\t\t\t\t\t\t\t\t\t<\/div>\n\t\t\t\t\t\t\t\t\t<\/div>\n\t\t\t<\/div>\n\t\t\t\t\t<\/div>\n\t\t\t\t\t\t<\/div>\n\t\t\t\t<\/div>\n\t\t\t\t\t<\/div>\n\t\t<\/div>\n\t\t\t\t<div class=\"elementor-column elementor-col-50 elementor-top-column elementor-element elementor-element-1b4c7849\" data-id=\"1b4c7849\" data-element_type=\"column\" data-e-type=\"column\">\n\t\t\t<div class=\"elementor-widget-wrap elementor-element-populated\">\n\t\t\t\t\t\t<div class=\"elementor-element elementor-element-5737ed1f elementor-widget elementor-widget-testimonial\" data-id=\"5737ed1f\" data-element_type=\"widget\" data-e-type=\"widget\" data-widget_type=\"testimonial.default\">\n\t\t\t\t<div class=\"elementor-widget-container\">\n\t\t\t\t\t\t\t<div class=\"elementor-testimonial-wrapper\">\n\t\t\t\t\t\t\t<div class=\"elementor-testimonial-content\"><p>Video samples and demos are also available on my YouTube channel.<\/p>\n<\/div>\n\t\t\t\n\t\t\t\t\t\t<div class=\"elementor-testimonial-meta\">\n\t\t\t\t<div class=\"elementor-testimonial-meta-inner\">\n\t\t\t\t\t\n\t\t\t\t\t\t\t\t\t\t<div class=\"elementor-testimonial-details\">\n\t\t\t\t\t\t\t\t\t\t\t\t\t\t<a class=\"elementor-testimonial-name\" href=\"https:\/\/www.youtube.com\/channel\/UC9rvZ_9l9aFlX_EQ1dHzS-g\" target=\"_blank\">\u2014 YouTube \u2014 <\/a>\n\t\t\t\t\t\t\t\t\t\t\t\t\t\t\t\t\t\t\t<\/div>\n\t\t\t\t\t\t\t\t\t<\/div>\n\t\t\t<\/div>\n\t\t\t\t\t<\/div>\n\t\t\t\t\t\t<\/div>\n\t\t\t\t<\/div>\n\t\t\t\t\t<\/div>\n\t\t<\/div>\n\t\t\t\t\t<\/div>\n\t\t<\/section>\n\t\t\t\t<\/div>\n\t\t","protected":false},"excerpt":{"rendered":"<p>CV CV CV CV CV CV CV CV CV Photo: J\u00f6rg Brunsendorf My background Voice, language and sound have always played a central role in my life: First in my work in the recording studio as a music producer and DJ, later in my work as a translator and subtitler of TV series, documentaries and&hellip; <a class=\"more-link\" href=\"https:\/\/karsten-wolf.com\/en\/vita\">Continue reading <span class=\"screen-reader-text\">CV<\/span><\/a><\/p>\n","protected":false},"author":1,"featured_media":0,"parent":0,"menu_order":0,"comment_status":"closed","ping_status":"closed","template":"elementor_header_footer","meta":{"footnotes":""},"class_list":["post-1036","page","type-page","status-publish","hentry","entry"],"yoast_head":"<!-- This site is optimized with the Yoast SEO plugin v27.3 - https:\/\/yoast.com\/product\/yoast-seo-wordpress\/ -->\n<title>CV - Karsten Wolf - Sprecher<\/title>\n<meta name=\"description\" content=\"Karsten Wolf, Sprecher, Berlin, Deutschland, Karsten, Wolf, Voice, Voiceover, Germany CV Professioneller Sprecher aus Berlin mit eigenem Studio. Bietet Sprachaufnahmen f\u00fcr Werbung, H\u00f6rbuch, H\u00f6rspiel, Unternehmensfilm, Audioguide, Voice Over, Doku und Erkl\u00e4rfilm.\" \/>\n<meta name=\"robots\" content=\"index, follow, max-snippet:-1, max-image-preview:large, max-video-preview:-1\" \/>\n<link rel=\"canonical\" href=\"https:\/\/karsten-wolf.com\/en\/vita\" \/>\n<meta property=\"og:locale\" content=\"en_US\" \/>\n<meta property=\"og:type\" content=\"article\" \/>\n<meta property=\"og:title\" content=\"CV - Karsten Wolf - Sprecher\" \/>\n<meta property=\"og:description\" content=\"Karsten Wolf, Sprecher, Berlin, Deutschland, Karsten, Wolf, Voice, Voiceover, Germany CV Professioneller Sprecher aus Berlin mit eigenem Studio. Bietet Sprachaufnahmen f\u00fcr Werbung, H\u00f6rbuch, H\u00f6rspiel, Unternehmensfilm, Audioguide, Voice Over, Doku und Erkl\u00e4rfilm.\" \/>\n<meta property=\"og:url\" content=\"https:\/\/karsten-wolf.com\/en\/vita\" \/>\n<meta property=\"og:site_name\" content=\"Karsten Wolf - Sprecher\" \/>\n<meta property=\"article:modified_time\" content=\"2024-06-26T11:54:53+00:00\" \/>\n<meta property=\"og:image\" content=\"https:\/\/karsten-wolf.com\/wp-content\/uploads\/2021\/12\/Wolf-768x1024.png\" \/>\n<meta name=\"twitter:card\" content=\"summary_large_image\" \/>\n<meta name=\"twitter:label1\" content=\"Est. reading time\" \/>\n\t<meta name=\"twitter:data1\" content=\"2 minutes\" \/>\n<script type=\"application\/ld+json\" class=\"yoast-schema-graph\">{\"@context\":\"https:\\\/\\\/schema.org\",\"@graph\":[{\"@type\":\"WebPage\",\"@id\":\"https:\\\/\\\/karsten-wolf.com\\\/en\\\/vita\",\"url\":\"https:\\\/\\\/karsten-wolf.com\\\/en\\\/vita\",\"name\":\"CV - Karsten Wolf - Sprecher\",\"isPartOf\":{\"@id\":\"https:\\\/\\\/karsten-wolf.com\\\/en#website\"},\"primaryImageOfPage\":{\"@id\":\"https:\\\/\\\/karsten-wolf.com\\\/en\\\/vita#primaryimage\"},\"image\":{\"@id\":\"https:\\\/\\\/karsten-wolf.com\\\/en\\\/vita#primaryimage\"},\"thumbnailUrl\":\"https:\\\/\\\/karsten-wolf.com\\\/wp-content\\\/uploads\\\/2021\\\/12\\\/Wolf-768x1024.png\",\"datePublished\":\"2021-12-08T15:28:24+00:00\",\"dateModified\":\"2024-06-26T11:54:53+00:00\",\"description\":\"Karsten Wolf, Sprecher, Berlin, Deutschland, Karsten, Wolf, Voice, Voiceover, Germany CV Professioneller Sprecher aus Berlin mit eigenem Studio. Bietet Sprachaufnahmen f\u00fcr Werbung, H\u00f6rbuch, H\u00f6rspiel, Unternehmensfilm, Audioguide, Voice Over, Doku und Erkl\u00e4rfilm.\",\"breadcrumb\":{\"@id\":\"https:\\\/\\\/karsten-wolf.com\\\/en\\\/vita#breadcrumb\"},\"inLanguage\":\"en-US\",\"potentialAction\":[{\"@type\":\"ReadAction\",\"target\":[\"https:\\\/\\\/karsten-wolf.com\\\/en\\\/vita\"]}]},{\"@type\":\"ImageObject\",\"inLanguage\":\"en-US\",\"@id\":\"https:\\\/\\\/karsten-wolf.com\\\/en\\\/vita#primaryimage\",\"url\":\"https:\\\/\\\/karsten-wolf.com\\\/wp-content\\\/uploads\\\/2021\\\/12\\\/Wolf-768x1024.png\",\"contentUrl\":\"https:\\\/\\\/karsten-wolf.com\\\/wp-content\\\/uploads\\\/2021\\\/12\\\/Wolf-768x1024.png\"},{\"@type\":\"BreadcrumbList\",\"@id\":\"https:\\\/\\\/karsten-wolf.com\\\/en\\\/vita#breadcrumb\",\"itemListElement\":[{\"@type\":\"ListItem\",\"position\":1,\"name\":\"Startseite\",\"item\":\"https:\\\/\\\/karsten-wolf.com\\\/en\"},{\"@type\":\"ListItem\",\"position\":2,\"name\":\"CV\"}]},{\"@type\":\"WebSite\",\"@id\":\"https:\\\/\\\/karsten-wolf.com\\\/en#website\",\"url\":\"https:\\\/\\\/karsten-wolf.com\\\/en\",\"name\":\"Karsten Wolf - Sprecher\",\"description\":\"Karsten Wolf - Sprecher - Berlin - Germany\",\"publisher\":{\"@id\":\"https:\\\/\\\/karsten-wolf.com\\\/en#\\\/schema\\\/person\\\/f724cf007f037dd209a45675d9a3617f\"},\"potentialAction\":[{\"@type\":\"SearchAction\",\"target\":{\"@type\":\"EntryPoint\",\"urlTemplate\":\"https:\\\/\\\/karsten-wolf.com\\\/en?s={search_term_string}\"},\"query-input\":{\"@type\":\"PropertyValueSpecification\",\"valueRequired\":true,\"valueName\":\"search_term_string\"}}],\"inLanguage\":\"en-US\"},{\"@type\":[\"Person\",\"Organization\"],\"@id\":\"https:\\\/\\\/karsten-wolf.com\\\/en#\\\/schema\\\/person\\\/f724cf007f037dd209a45675d9a3617f\",\"name\":\"Karsten Wolf\",\"image\":{\"@type\":\"ImageObject\",\"inLanguage\":\"en-US\",\"@id\":\"https:\\\/\\\/karsten-wolf.com\\\/wp-content\\\/uploads\\\/2021\\\/12\\\/cropped-Logo-Wolff-1.png\",\"url\":\"https:\\\/\\\/karsten-wolf.com\\\/wp-content\\\/uploads\\\/2021\\\/12\\\/cropped-Logo-Wolff-1.png\",\"contentUrl\":\"https:\\\/\\\/karsten-wolf.com\\\/wp-content\\\/uploads\\\/2021\\\/12\\\/cropped-Logo-Wolff-1.png\",\"width\":964,\"height\":497,\"caption\":\"Karsten Wolf\"},\"logo\":{\"@id\":\"https:\\\/\\\/karsten-wolf.com\\\/wp-content\\\/uploads\\\/2021\\\/12\\\/cropped-Logo-Wolff-1.png\"},\"sameAs\":[\"http:\\\/\\\/www.karsten-wolf.com\"]}]}<\/script>\n<!-- \/ Yoast SEO plugin. -->","yoast_head_json":{"title":"CV - Karsten Wolf - Sprecher","description":"Karsten Wolf, Sprecher, Berlin, Deutschland, Karsten, Wolf, Voice, Voiceover, Germany CV Professioneller Sprecher aus Berlin mit eigenem Studio. Bietet Sprachaufnahmen f\u00fcr Werbung, H\u00f6rbuch, H\u00f6rspiel, Unternehmensfilm, Audioguide, Voice Over, Doku und Erkl\u00e4rfilm.","robots":{"index":"index","follow":"follow","max-snippet":"max-snippet:-1","max-image-preview":"max-image-preview:large","max-video-preview":"max-video-preview:-1"},"canonical":"https:\/\/karsten-wolf.com\/en\/vita","og_locale":"en_US","og_type":"article","og_title":"CV - Karsten Wolf - Sprecher","og_description":"Karsten Wolf, Sprecher, Berlin, Deutschland, Karsten, Wolf, Voice, Voiceover, Germany CV Professioneller Sprecher aus Berlin mit eigenem Studio. Bietet Sprachaufnahmen f\u00fcr Werbung, H\u00f6rbuch, H\u00f6rspiel, Unternehmensfilm, Audioguide, Voice Over, Doku und Erkl\u00e4rfilm.","og_url":"https:\/\/karsten-wolf.com\/en\/vita","og_site_name":"Karsten Wolf - Sprecher","article_modified_time":"2024-06-26T11:54:53+00:00","og_image":[{"url":"https:\/\/karsten-wolf.com\/wp-content\/uploads\/2021\/12\/Wolf-768x1024.png","type":"","width":"","height":""}],"twitter_card":"summary_large_image","twitter_misc":{"Est. reading time":"2 minutes"},"schema":{"@context":"https:\/\/schema.org","@graph":[{"@type":"WebPage","@id":"https:\/\/karsten-wolf.com\/en\/vita","url":"https:\/\/karsten-wolf.com\/en\/vita","name":"CV - Karsten Wolf - Sprecher","isPartOf":{"@id":"https:\/\/karsten-wolf.com\/en#website"},"primaryImageOfPage":{"@id":"https:\/\/karsten-wolf.com\/en\/vita#primaryimage"},"image":{"@id":"https:\/\/karsten-wolf.com\/en\/vita#primaryimage"},"thumbnailUrl":"https:\/\/karsten-wolf.com\/wp-content\/uploads\/2021\/12\/Wolf-768x1024.png","datePublished":"2021-12-08T15:28:24+00:00","dateModified":"2024-06-26T11:54:53+00:00","description":"Karsten Wolf, Sprecher, Berlin, Deutschland, Karsten, Wolf, Voice, Voiceover, Germany CV Professioneller Sprecher aus Berlin mit eigenem Studio. Bietet Sprachaufnahmen f\u00fcr Werbung, H\u00f6rbuch, H\u00f6rspiel, Unternehmensfilm, Audioguide, Voice Over, Doku und Erkl\u00e4rfilm.","breadcrumb":{"@id":"https:\/\/karsten-wolf.com\/en\/vita#breadcrumb"},"inLanguage":"en-US","potentialAction":[{"@type":"ReadAction","target":["https:\/\/karsten-wolf.com\/en\/vita"]}]},{"@type":"ImageObject","inLanguage":"en-US","@id":"https:\/\/karsten-wolf.com\/en\/vita#primaryimage","url":"https:\/\/karsten-wolf.com\/wp-content\/uploads\/2021\/12\/Wolf-768x1024.png","contentUrl":"https:\/\/karsten-wolf.com\/wp-content\/uploads\/2021\/12\/Wolf-768x1024.png"},{"@type":"BreadcrumbList","@id":"https:\/\/karsten-wolf.com\/en\/vita#breadcrumb","itemListElement":[{"@type":"ListItem","position":1,"name":"Startseite","item":"https:\/\/karsten-wolf.com\/en"},{"@type":"ListItem","position":2,"name":"CV"}]},{"@type":"WebSite","@id":"https:\/\/karsten-wolf.com\/en#website","url":"https:\/\/karsten-wolf.com\/en","name":"Karsten Wolf - Sprecher","description":"Karsten Wolf - Sprecher - Berlin - Germany","publisher":{"@id":"https:\/\/karsten-wolf.com\/en#\/schema\/person\/f724cf007f037dd209a45675d9a3617f"},"potentialAction":[{"@type":"SearchAction","target":{"@type":"EntryPoint","urlTemplate":"https:\/\/karsten-wolf.com\/en?s={search_term_string}"},"query-input":{"@type":"PropertyValueSpecification","valueRequired":true,"valueName":"search_term_string"}}],"inLanguage":"en-US"},{"@type":["Person","Organization"],"@id":"https:\/\/karsten-wolf.com\/en#\/schema\/person\/f724cf007f037dd209a45675d9a3617f","name":"Karsten Wolf","image":{"@type":"ImageObject","inLanguage":"en-US","@id":"https:\/\/karsten-wolf.com\/wp-content\/uploads\/2021\/12\/cropped-Logo-Wolff-1.png","url":"https:\/\/karsten-wolf.com\/wp-content\/uploads\/2021\/12\/cropped-Logo-Wolff-1.png","contentUrl":"https:\/\/karsten-wolf.com\/wp-content\/uploads\/2021\/12\/cropped-Logo-Wolff-1.png","width":964,"height":497,"caption":"Karsten Wolf"},"logo":{"@id":"https:\/\/karsten-wolf.com\/wp-content\/uploads\/2021\/12\/cropped-Logo-Wolff-1.png"},"sameAs":["http:\/\/www.karsten-wolf.com"]}]}},"_links":{"self":[{"href":"https:\/\/karsten-wolf.com\/en\/wp-json\/wp\/v2\/pages\/1036","targetHints":{"allow":["GET"]}}],"collection":[{"href":"https:\/\/karsten-wolf.com\/en\/wp-json\/wp\/v2\/pages"}],"about":[{"href":"https:\/\/karsten-wolf.com\/en\/wp-json\/wp\/v2\/types\/page"}],"author":[{"embeddable":true,"href":"https:\/\/karsten-wolf.com\/en\/wp-json\/wp\/v2\/users\/1"}],"replies":[{"embeddable":true,"href":"https:\/\/karsten-wolf.com\/en\/wp-json\/wp\/v2\/comments?post=1036"}],"version-history":[{"count":20,"href":"https:\/\/karsten-wolf.com\/en\/wp-json\/wp\/v2\/pages\/1036\/revisions"}],"predecessor-version":[{"id":1812,"href":"https:\/\/karsten-wolf.com\/en\/wp-json\/wp\/v2\/pages\/1036\/revisions\/1812"}],"wp:attachment":[{"href":"https:\/\/karsten-wolf.com\/en\/wp-json\/wp\/v2\/media?parent=1036"}],"curies":[{"name":"wp","href":"https:\/\/api.w.org\/{rel}","templated":true}]}}