{"id":1030,"date":"2021-12-14T06:15:54","date_gmt":"2021-12-14T06:15:54","guid":{"rendered":"https:\/\/karsten-wolf.com\/impressum"},"modified":"2022-10-28T10:39:42","modified_gmt":"2022-10-28T10:39:42","slug":"impressum","status":"publish","type":"page","link":"https:\/\/karsten-wolf.com\/en\/impressum","title":{"rendered":"Impressum"},"content":{"rendered":"\t\t<div data-elementor-type=\"wp-page\" data-elementor-id=\"1030\" class=\"elementor elementor-1030 elementor-263\" data-elementor-post-type=\"page\">\n\t\t\t\t\t\t<section class=\"elementor-section elementor-top-section elementor-element elementor-element-1691bc6f elementor-section-full_width elementor-section-height-min-height elementor-section-items-stretch elementor-section-content-middle elementor-section-height-default\" data-id=\"1691bc6f\" data-element_type=\"section\" data-e-type=\"section\" data-settings=\"{&quot;background_background&quot;:&quot;classic&quot;}\">\n\t\t\t\t\t\t<div class=\"elementor-container elementor-column-gap-no\">\n\t\t\t\t\t<div class=\"elementor-column elementor-col-100 elementor-top-column elementor-element elementor-element-7498452e\" data-id=\"7498452e\" data-element_type=\"column\" data-e-type=\"column\">\n\t\t\t<div class=\"elementor-widget-wrap elementor-element-populated\">\n\t\t\t\t\t\t<div class=\"elementor-element elementor-element-2d402de0 elementor-widget elementor-widget-heading\" data-id=\"2d402de0\" data-element_type=\"widget\" data-e-type=\"widget\" data-widget_type=\"heading.default\">\n\t\t\t\t<div class=\"elementor-widget-container\">\n\t\t\t\t\t<h1 class=\"elementor-heading-title elementor-size-default\">Imprint Imprint Imprint<\/h1>\t\t\t\t<\/div>\n\t\t\t\t<\/div>\n\t\t\t\t\t<\/div>\n\t\t<\/div>\n\t\t\t\t\t<\/div>\n\t\t<\/section>\n\t\t\t\t<section class=\"elementor-section elementor-top-section elementor-element elementor-element-1bf634c3 elementor-section-full_width elementor-section-height-min-height elementor-section-items-stretch elementor-section-height-default\" data-id=\"1bf634c3\" data-element_type=\"section\" data-e-type=\"section\">\n\t\t\t\t\t\t<div class=\"elementor-container elementor-column-gap-default\">\n\t\t\t\t\t<div class=\"elementor-column elementor-col-50 elementor-top-column elementor-element elementor-element-12d0f020\" data-id=\"12d0f020\" data-element_type=\"column\" data-e-type=\"column\">\n\t\t\t<div class=\"elementor-widget-wrap elementor-element-populated\">\n\t\t\t\t\t\t<section class=\"elementor-section elementor-inner-section elementor-element elementor-element-5ecbb2d7 elementor-section-boxed elementor-section-height-default elementor-section-height-default\" data-id=\"5ecbb2d7\" data-element_type=\"section\" data-e-type=\"section\">\n\t\t\t\t\t\t<div class=\"elementor-container elementor-column-gap-default\">\n\t\t\t\t\t<div class=\"elementor-column elementor-col-100 elementor-inner-column elementor-element elementor-element-2c1b5dcd\" data-id=\"2c1b5dcd\" data-element_type=\"column\" data-e-type=\"column\">\n\t\t\t<div class=\"elementor-widget-wrap elementor-element-populated\">\n\t\t\t\t\t\t<div class=\"elementor-element elementor-element-234a582 elementor-widget elementor-widget-spacer\" data-id=\"234a582\" data-element_type=\"widget\" data-e-type=\"widget\" data-widget_type=\"spacer.default\">\n\t\t\t\t<div class=\"elementor-widget-container\">\n\t\t\t\t\t\t\t<div class=\"elementor-spacer\">\n\t\t\t<div class=\"elementor-spacer-inner\"><\/div>\n\t\t<\/div>\n\t\t\t\t\t\t<\/div>\n\t\t\t\t<\/div>\n\t\t\t\t<div class=\"elementor-element elementor-element-2ac1d955 elementor-widget elementor-widget-heading\" data-id=\"2ac1d955\" data-element_type=\"widget\" data-e-type=\"widget\" data-widget_type=\"heading.default\">\n\t\t\t\t<div class=\"elementor-widget-container\">\n\t\t\t\t\t<h2 class=\"elementor-heading-title elementor-size-default\">Imprint<\/h2>\t\t\t\t<\/div>\n\t\t\t\t<\/div>\n\t\t\t\t<div class=\"elementor-element elementor-element-1a45548 elementor-widget elementor-widget-spacer\" data-id=\"1a45548\" data-element_type=\"widget\" data-e-type=\"widget\" data-widget_type=\"spacer.default\">\n\t\t\t\t<div class=\"elementor-widget-container\">\n\t\t\t\t\t\t\t<div class=\"elementor-spacer\">\n\t\t\t<div class=\"elementor-spacer-inner\"><\/div>\n\t\t<\/div>\n\t\t\t\t\t\t<\/div>\n\t\t\t\t<\/div>\n\t\t\t\t<div class=\"elementor-element elementor-element-abc8ec3 elementor-widget elementor-widget-text-editor\" data-id=\"abc8ec3\" data-element_type=\"widget\" data-e-type=\"widget\" data-widget_type=\"text-editor.default\">\n\t\t\t\t<div class=\"elementor-widget-container\">\n\t\t\t\t\t\t\t\t\t<section class=\"elementor-section elementor-top-section elementor-element elementor-element-a3d8d95 elementor-section-full_width elementor-section-stretched elementor-section-height-default elementor-section-height-default\" data-id=\"a3d8d95\" data-element_type=\"section\" data-settings=\"{\"><div class=\"elementor-container elementor-column-gap-default\"><div class=\"elementor-row\"><div class=\"elementor-column elementor-col-100 elementor-top-column elementor-element elementor-element-b524872\" data-id=\"b524872\" data-element_type=\"column\"><div class=\"elementor-column-wrap elementor-element-populated\"><div class=\"elementor-widget-wrap\"><div class=\"elementor-element elementor-element-596db29 elementor-widget elementor-widget-text-editor\" data-id=\"596db29\" data-element_type=\"widget\" data-widget_type=\"text-editor.default\"><div class=\"elementor-widget-container\"><div class=\"elementor-text-editor elementor-clearfix\"><p><strong>COPYRIGHT<\/strong><\/p><p>\u00a0<\/p><p>The photos in the individual articles are from the respective linked websites. The copyright belongs to the respective photographers, manufacturers and designers. If you do not agree that I use your images here, please contact me about it.<\/p><p>\u00a0<\/p><p><strong>Liability for contents<\/strong><\/p><p>The content of our pages has been created with utmost care. However, we cannot guarantee the accuracy, completeness and timeliness of the content. As a service provider, we are responsible for our own content on these pages under the general laws according to \u00a7 7 paragraph 1 TMG. According to \u00a7\u00a7 8 to 10 TMG, however, we are not obligated as a service provider to monitor transmitted or stored third-party information or to investigate circumstances that indicate illegal activity. Obligations to remove or block the use of information under the general laws remain unaffected. However, liability in this regard is only possible from the point in time at which a concrete infringement of the law becomes known. If we become aware of any such infringements, we will remove the relevant content immediately.<\/p><p>\u00a0<\/p><p><strong>Liability for links<br \/><\/strong><\/p><p>Our offer contains links to external websites of third parties, on whose contents we have no influence. Therefore, we cannot assume any liability for these external contents. The respective provider or operator of the pages is always responsible for the content of the linked pages. The linked pages were checked for possible legal violations at the time of linking. Illegal contents were not recognizable at the time of linking. However, a permanent control of the contents of the linked pages is not reasonable without concrete evidence of a violation of the law. If we become aware of any infringements, we will remove such links immediately.<\/p><p>\u00a0<\/p><p><strong>Copyright<\/strong><\/p><p>The contents and works created by the site operators on these pages are subject to German copyright law. Duplication, processing, distribution, or any form of commercialization of such material beyond the scope of the copyright law shall require the prior written consent of its respective author or creator. Downloads and copies of this site are only permitted for private, non-commercial use. Insofar as the content on this site was not created by the operator, the copyrights of third parties are respected. In particular, third-party content is identified as such. Should you nevertheless become aware of a copyright infringement, please inform us accordingly. If we become aware of any infringements, we will remove such content immediately.<\/p><p>\u00a0<\/p><\/div><p><strong>Design und Programmierung:<\/strong><br \/>GILZ-ART UG <br \/>Ebereschenweg 2, D-22850 Norderstedt<\/p><p><a href=\"mailto:roman@gilz-art.com\">roman@gilz-art.com<\/a>, <a href=\"http:\/\/www.gilz-art.com\" target=\"_blank\" rel=\"noopener\">www.gilz-art.com<\/a><\/p><\/div><\/div><\/div><\/div><\/div><\/div><\/div><\/section><section class=\"elementor-section elementor-top-section elementor-element elementor-element-8b1051e elementor-section-boxed elementor-section-height-default elementor-section-height-default\" data-id=\"8b1051e\" data-element_type=\"section\"><div class=\"elementor-container elementor-column-gap-default\"><div class=\"elementor-row\"><div class=\"elementor-column elementor-col-100 elementor-top-column elementor-element elementor-element-1b87ed9e\" data-id=\"1b87ed9e\" data-element_type=\"column\"><div class=\"elementor-column-wrap elementor-element-populated\"><div class=\"elementor-widget-wrap\"><div class=\"elementor-element elementor-element-70cc3c0d elementor-widget elementor-widget-spacer\" data-id=\"70cc3c0d\" data-element_type=\"widget\" data-widget_type=\"spacer.default\"><div class=\"elementor-widget-container\"><div class=\"elementor-spacer\"><div class=\"elementor-spacer-inner\">\u00a0<\/div><\/div><\/div><\/div><\/div><\/div><\/div><\/div><\/div><\/section>\t\t\t\t\t\t\t\t<\/div>\n\t\t\t\t<\/div>\n\t\t\t\t<div class=\"elementor-element elementor-element-339de0b elementor-widget elementor-widget-spacer\" data-id=\"339de0b\" data-element_type=\"widget\" data-e-type=\"widget\" data-widget_type=\"spacer.default\">\n\t\t\t\t<div class=\"elementor-widget-container\">\n\t\t\t\t\t\t\t<div class=\"elementor-spacer\">\n\t\t\t<div class=\"elementor-spacer-inner\"><\/div>\n\t\t<\/div>\n\t\t\t\t\t\t<\/div>\n\t\t\t\t<\/div>\n\t\t\t\t\t<\/div>\n\t\t<\/div>\n\t\t\t\t\t<\/div>\n\t\t<\/section>\n\t\t\t\t\t<\/div>\n\t\t<\/div>\n\t\t\t\t<div class=\"elementor-column elementor-col-50 elementor-top-column elementor-element elementor-element-210b7715\" data-id=\"210b7715\" data-element_type=\"column\" data-e-type=\"column\" data-settings=\"{&quot;background_background&quot;:&quot;classic&quot;}\">\n\t\t\t<div class=\"elementor-widget-wrap elementor-element-populated\">\n\t\t\t\t\t\t<section class=\"elementor-section elementor-inner-section elementor-element elementor-element-2f930ba9 elementor-section-boxed elementor-section-height-default elementor-section-height-default\" data-id=\"2f930ba9\" data-element_type=\"section\" data-e-type=\"section\">\n\t\t\t\t\t\t<div class=\"elementor-container elementor-column-gap-default\">\n\t\t\t\t\t<div class=\"elementor-column elementor-col-100 elementor-inner-column elementor-element elementor-element-5f32e559\" data-id=\"5f32e559\" data-element_type=\"column\" data-e-type=\"column\">\n\t\t\t<div class=\"elementor-widget-wrap elementor-element-populated\">\n\t\t\t\t\t\t<div class=\"elementor-element elementor-element-60d35750 elementor-widget elementor-widget-heading\" data-id=\"60d35750\" data-element_type=\"widget\" data-e-type=\"widget\" data-widget_type=\"heading.default\">\n\t\t\t\t<div class=\"elementor-widget-container\">\n\t\t\t\t\t<h3 class=\"elementor-heading-title elementor-size-default\">Direct:<\/h3>\t\t\t\t<\/div>\n\t\t\t\t<\/div>\n\t\t\t\t<div class=\"elementor-element elementor-element-9e9993 elementor-widget elementor-widget-text-editor\" data-id=\"9e9993\" data-element_type=\"widget\" data-e-type=\"widget\" data-widget_type=\"text-editor.default\">\n\t\t\t\t<div class=\"elementor-widget-container\">\n\t\t\t\t\t\t\t\t\t<p class=\"p3 over_outline\">Karsten Wolf<\/p><p class=\"p3 over_outline\">Fu\u0308rbringerstr. 1<\/p><p class=\"p3 over_outline\">10961 Berlin<\/p><p class=\"p2 over_outline\">\u00a0<\/p><p class=\"p3 over_outline\">Telefon: +49 (0)1609 1590279<\/p><p class=\"p3 over_outline\">E-Mail: karsten.wolf@snafu.de<\/p><p>\u00a0<\/p><p>VAT ID according to \u00a7 27 a Umsatzsteuergesetz:<br \/>DE310795367<br \/><br \/>Details of professional liability insurance<br \/>Name and domicile of the insurer:<br \/>Basler Sachversicherungs-AG, Basler Str. 4, 61345 Bad Homburg, Germany<br \/><br \/>Area of validity of the insurance:<br \/>Germany<br \/>Consumer dispute resolution\/universal arbitration board<br \/><br \/>We are not willing or obligated to participate in dispute resolution proceedings before a<br \/>consumer arbitration board.<\/p><p>\u00a0<\/p>\t\t\t\t\t\t\t\t<\/div>\n\t\t\t\t<\/div>\n\t\t\t\t<div class=\"elementor-element elementor-element-5ab4f10a elementor-widget elementor-widget-heading\" data-id=\"5ab4f10a\" data-element_type=\"widget\" data-e-type=\"widget\" data-widget_type=\"heading.default\">\n\t\t\t\t<div class=\"elementor-widget-container\">\n\t\t\t\t\t<h3 class=\"elementor-heading-title elementor-size-default\">Agency:<\/h3>\t\t\t\t<\/div>\n\t\t\t\t<\/div>\n\t\t\t\t<div class=\"elementor-element elementor-element-61617b36 elementor-widget elementor-widget-text-editor\" data-id=\"61617b36\" data-element_type=\"widget\" data-e-type=\"widget\" data-widget_type=\"text-editor.default\">\n\t\t\t\t<div class=\"elementor-widget-container\">\n\t\t\t\t\t\t\t\t\t<p><a href=\"http:\/\/Sprecherdatei.de\">Sprecherdatei.de<\/a><\/p><p>Danckelmannstr. 9<\/p><p>14059 Berlin\u00a0<\/p><p>Tel.: +49 (0)30 2655 1763<\/p>\t\t\t\t\t\t\t\t<\/div>\n\t\t\t\t<\/div>\n\t\t\t\t\t<\/div>\n\t\t<\/div>\n\t\t\t\t\t<\/div>\n\t\t<\/section>\n\t\t\t\t\t<\/div>\n\t\t<\/div>\n\t\t\t\t\t<\/div>\n\t\t<\/section>\n\t\t\t\t<\/div>\n\t\t","protected":false},"excerpt":{"rendered":"<p>Imprint Imprint Imprint Imprint COPYRIGHT \u00a0 The photos in the individual articles are from the respective linked websites. The copyright belongs to the respective photographers, manufacturers and designers. If you do not agree that I use your images here, please contact me about it. \u00a0 Liability for contents The content of our pages has been&hellip; <a class=\"more-link\" href=\"https:\/\/karsten-wolf.com\/en\/impressum\">Continue reading <span class=\"screen-reader-text\">Impressum<\/span><\/a><\/p>\n","protected":false},"author":1,"featured_media":0,"parent":0,"menu_order":0,"comment_status":"closed","ping_status":"closed","template":"elementor_header_footer","meta":{"footnotes":""},"class_list":["post-1030","page","type-page","status-publish","hentry","entry"],"yoast_head":"<!-- This site is optimized with the Yoast SEO plugin v27.3 - https:\/\/yoast.com\/product\/yoast-seo-wordpress\/ -->\n<title>Impressum - Karsten Wolf - Sprecher<\/title>\n<meta name=\"description\" content=\"Karsten Wolf, Sprecher, Berlin, Deutschland, Karsten, Wolf, Voice, Voiceover, Germany Impressum Professioneller Sprecher aus Berlin mit eigenem Studio. Bietet Sprachaufnahmen f\u00fcr Werbung, H\u00f6rbuch, H\u00f6rspiel, Unternehmensfilm, Audioguide, Voice Over, Doku und Erkl\u00e4rfilm.\" \/>\n<meta name=\"robots\" content=\"index, follow, max-snippet:-1, max-image-preview:large, max-video-preview:-1\" \/>\n<link rel=\"canonical\" href=\"https:\/\/karsten-wolf.com\/en\/impressum\" \/>\n<meta property=\"og:locale\" content=\"en_US\" \/>\n<meta property=\"og:type\" content=\"article\" \/>\n<meta property=\"og:title\" content=\"Impressum - Karsten Wolf - Sprecher\" \/>\n<meta property=\"og:description\" content=\"Karsten Wolf, Sprecher, Berlin, Deutschland, Karsten, Wolf, Voice, Voiceover, Germany Impressum Professioneller Sprecher aus Berlin mit eigenem Studio. Bietet Sprachaufnahmen f\u00fcr Werbung, H\u00f6rbuch, H\u00f6rspiel, Unternehmensfilm, Audioguide, Voice Over, Doku und Erkl\u00e4rfilm.\" \/>\n<meta property=\"og:url\" content=\"https:\/\/karsten-wolf.com\/en\/impressum\" \/>\n<meta property=\"og:site_name\" content=\"Karsten Wolf - Sprecher\" \/>\n<meta property=\"article:modified_time\" content=\"2022-10-28T10:39:42+00:00\" \/>\n<meta name=\"twitter:card\" content=\"summary_large_image\" \/>\n<meta name=\"twitter:label1\" content=\"Est. reading time\" \/>\n\t<meta name=\"twitter:data1\" content=\"4 minutes\" \/>\n<script type=\"application\/ld+json\" class=\"yoast-schema-graph\">{\"@context\":\"https:\\\/\\\/schema.org\",\"@graph\":[{\"@type\":\"WebPage\",\"@id\":\"https:\\\/\\\/karsten-wolf.com\\\/en\\\/impressum\",\"url\":\"https:\\\/\\\/karsten-wolf.com\\\/en\\\/impressum\",\"name\":\"Impressum - Karsten Wolf - Sprecher\",\"isPartOf\":{\"@id\":\"https:\\\/\\\/karsten-wolf.com\\\/en#website\"},\"datePublished\":\"2021-12-14T06:15:54+00:00\",\"dateModified\":\"2022-10-28T10:39:42+00:00\",\"description\":\"Karsten Wolf, Sprecher, Berlin, Deutschland, Karsten, Wolf, Voice, Voiceover, Germany Impressum Professioneller Sprecher aus Berlin mit eigenem Studio. Bietet Sprachaufnahmen f\u00fcr Werbung, H\u00f6rbuch, H\u00f6rspiel, Unternehmensfilm, Audioguide, Voice Over, Doku und Erkl\u00e4rfilm.\",\"breadcrumb\":{\"@id\":\"https:\\\/\\\/karsten-wolf.com\\\/en\\\/impressum#breadcrumb\"},\"inLanguage\":\"en-US\",\"potentialAction\":[{\"@type\":\"ReadAction\",\"target\":[\"https:\\\/\\\/karsten-wolf.com\\\/en\\\/impressum\"]}]},{\"@type\":\"BreadcrumbList\",\"@id\":\"https:\\\/\\\/karsten-wolf.com\\\/en\\\/impressum#breadcrumb\",\"itemListElement\":[{\"@type\":\"ListItem\",\"position\":1,\"name\":\"Startseite\",\"item\":\"https:\\\/\\\/karsten-wolf.com\\\/en\"},{\"@type\":\"ListItem\",\"position\":2,\"name\":\"Impressum\"}]},{\"@type\":\"WebSite\",\"@id\":\"https:\\\/\\\/karsten-wolf.com\\\/en#website\",\"url\":\"https:\\\/\\\/karsten-wolf.com\\\/en\",\"name\":\"Karsten Wolf - Sprecher\",\"description\":\"Karsten Wolf - Sprecher - Berlin - Germany\",\"publisher\":{\"@id\":\"https:\\\/\\\/karsten-wolf.com\\\/en#\\\/schema\\\/person\\\/f724cf007f037dd209a45675d9a3617f\"},\"potentialAction\":[{\"@type\":\"SearchAction\",\"target\":{\"@type\":\"EntryPoint\",\"urlTemplate\":\"https:\\\/\\\/karsten-wolf.com\\\/en?s={search_term_string}\"},\"query-input\":{\"@type\":\"PropertyValueSpecification\",\"valueRequired\":true,\"valueName\":\"search_term_string\"}}],\"inLanguage\":\"en-US\"},{\"@type\":[\"Person\",\"Organization\"],\"@id\":\"https:\\\/\\\/karsten-wolf.com\\\/en#\\\/schema\\\/person\\\/f724cf007f037dd209a45675d9a3617f\",\"name\":\"Karsten Wolf\",\"image\":{\"@type\":\"ImageObject\",\"inLanguage\":\"en-US\",\"@id\":\"https:\\\/\\\/karsten-wolf.com\\\/wp-content\\\/uploads\\\/2021\\\/12\\\/cropped-Logo-Wolff-1.png\",\"url\":\"https:\\\/\\\/karsten-wolf.com\\\/wp-content\\\/uploads\\\/2021\\\/12\\\/cropped-Logo-Wolff-1.png\",\"contentUrl\":\"https:\\\/\\\/karsten-wolf.com\\\/wp-content\\\/uploads\\\/2021\\\/12\\\/cropped-Logo-Wolff-1.png\",\"width\":964,\"height\":497,\"caption\":\"Karsten Wolf\"},\"logo\":{\"@id\":\"https:\\\/\\\/karsten-wolf.com\\\/wp-content\\\/uploads\\\/2021\\\/12\\\/cropped-Logo-Wolff-1.png\"},\"sameAs\":[\"http:\\\/\\\/www.karsten-wolf.com\"]}]}<\/script>\n<!-- \/ Yoast SEO plugin. -->","yoast_head_json":{"title":"Impressum - Karsten Wolf - Sprecher","description":"Karsten Wolf, Sprecher, Berlin, Deutschland, Karsten, Wolf, Voice, Voiceover, Germany Impressum Professioneller Sprecher aus Berlin mit eigenem Studio. Bietet Sprachaufnahmen f\u00fcr Werbung, H\u00f6rbuch, H\u00f6rspiel, Unternehmensfilm, Audioguide, Voice Over, Doku und Erkl\u00e4rfilm.","robots":{"index":"index","follow":"follow","max-snippet":"max-snippet:-1","max-image-preview":"max-image-preview:large","max-video-preview":"max-video-preview:-1"},"canonical":"https:\/\/karsten-wolf.com\/en\/impressum","og_locale":"en_US","og_type":"article","og_title":"Impressum - Karsten Wolf - Sprecher","og_description":"Karsten Wolf, Sprecher, Berlin, Deutschland, Karsten, Wolf, Voice, Voiceover, Germany Impressum Professioneller Sprecher aus Berlin mit eigenem Studio. Bietet Sprachaufnahmen f\u00fcr Werbung, H\u00f6rbuch, H\u00f6rspiel, Unternehmensfilm, Audioguide, Voice Over, Doku und Erkl\u00e4rfilm.","og_url":"https:\/\/karsten-wolf.com\/en\/impressum","og_site_name":"Karsten Wolf - Sprecher","article_modified_time":"2022-10-28T10:39:42+00:00","twitter_card":"summary_large_image","twitter_misc":{"Est. reading time":"4 minutes"},"schema":{"@context":"https:\/\/schema.org","@graph":[{"@type":"WebPage","@id":"https:\/\/karsten-wolf.com\/en\/impressum","url":"https:\/\/karsten-wolf.com\/en\/impressum","name":"Impressum - Karsten Wolf - Sprecher","isPartOf":{"@id":"https:\/\/karsten-wolf.com\/en#website"},"datePublished":"2021-12-14T06:15:54+00:00","dateModified":"2022-10-28T10:39:42+00:00","description":"Karsten Wolf, Sprecher, Berlin, Deutschland, Karsten, Wolf, Voice, Voiceover, Germany Impressum Professioneller Sprecher aus Berlin mit eigenem Studio. Bietet Sprachaufnahmen f\u00fcr Werbung, H\u00f6rbuch, H\u00f6rspiel, Unternehmensfilm, Audioguide, Voice Over, Doku und Erkl\u00e4rfilm.","breadcrumb":{"@id":"https:\/\/karsten-wolf.com\/en\/impressum#breadcrumb"},"inLanguage":"en-US","potentialAction":[{"@type":"ReadAction","target":["https:\/\/karsten-wolf.com\/en\/impressum"]}]},{"@type":"BreadcrumbList","@id":"https:\/\/karsten-wolf.com\/en\/impressum#breadcrumb","itemListElement":[{"@type":"ListItem","position":1,"name":"Startseite","item":"https:\/\/karsten-wolf.com\/en"},{"@type":"ListItem","position":2,"name":"Impressum"}]},{"@type":"WebSite","@id":"https:\/\/karsten-wolf.com\/en#website","url":"https:\/\/karsten-wolf.com\/en","name":"Karsten Wolf - Sprecher","description":"Karsten Wolf - Sprecher - Berlin - Germany","publisher":{"@id":"https:\/\/karsten-wolf.com\/en#\/schema\/person\/f724cf007f037dd209a45675d9a3617f"},"potentialAction":[{"@type":"SearchAction","target":{"@type":"EntryPoint","urlTemplate":"https:\/\/karsten-wolf.com\/en?s={search_term_string}"},"query-input":{"@type":"PropertyValueSpecification","valueRequired":true,"valueName":"search_term_string"}}],"inLanguage":"en-US"},{"@type":["Person","Organization"],"@id":"https:\/\/karsten-wolf.com\/en#\/schema\/person\/f724cf007f037dd209a45675d9a3617f","name":"Karsten Wolf","image":{"@type":"ImageObject","inLanguage":"en-US","@id":"https:\/\/karsten-wolf.com\/wp-content\/uploads\/2021\/12\/cropped-Logo-Wolff-1.png","url":"https:\/\/karsten-wolf.com\/wp-content\/uploads\/2021\/12\/cropped-Logo-Wolff-1.png","contentUrl":"https:\/\/karsten-wolf.com\/wp-content\/uploads\/2021\/12\/cropped-Logo-Wolff-1.png","width":964,"height":497,"caption":"Karsten Wolf"},"logo":{"@id":"https:\/\/karsten-wolf.com\/wp-content\/uploads\/2021\/12\/cropped-Logo-Wolff-1.png"},"sameAs":["http:\/\/www.karsten-wolf.com"]}]}},"_links":{"self":[{"href":"https:\/\/karsten-wolf.com\/en\/wp-json\/wp\/v2\/pages\/1030","targetHints":{"allow":["GET"]}}],"collection":[{"href":"https:\/\/karsten-wolf.com\/en\/wp-json\/wp\/v2\/pages"}],"about":[{"href":"https:\/\/karsten-wolf.com\/en\/wp-json\/wp\/v2\/types\/page"}],"author":[{"embeddable":true,"href":"https:\/\/karsten-wolf.com\/en\/wp-json\/wp\/v2\/users\/1"}],"replies":[{"embeddable":true,"href":"https:\/\/karsten-wolf.com\/en\/wp-json\/wp\/v2\/comments?post=1030"}],"version-history":[{"count":13,"href":"https:\/\/karsten-wolf.com\/en\/wp-json\/wp\/v2\/pages\/1030\/revisions"}],"predecessor-version":[{"id":1133,"href":"https:\/\/karsten-wolf.com\/en\/wp-json\/wp\/v2\/pages\/1030\/revisions\/1133"}],"wp:attachment":[{"href":"https:\/\/karsten-wolf.com\/en\/wp-json\/wp\/v2\/media?parent=1030"}],"curies":[{"name":"wp","href":"https:\/\/api.w.org\/{rel}","templated":true}]}}